{"id":105,"date":"2024-07-12T14:18:09","date_gmt":"2024-07-12T11:18:09","guid":{"rendered":"https:\/\/digitalpalmverse.com\/en\/?page_id=105"},"modified":"2024-07-12T14:18:45","modified_gmt":"2024-07-12T11:18:45","slug":"references","status":"publish","type":"page","link":"https:\/\/digitalpalmverse.com\/en\/references\/","title":{"rendered":"References"},"content":{"rendered":"\t\t<div data-elementor-type=\"wp-page\" data-elementor-id=\"105\" class=\"elementor elementor-105\" data-elementor-post-type=\"page\">\n\t\t\t\t<div class=\"elementor-element elementor-element-208fe18 page-color e-flex e-con-boxed elementor-invisible e-con e-parent\" data-id=\"208fe18\" data-element_type=\"container\" data-settings=\"{&quot;background_background&quot;:&quot;gradient&quot;,&quot;animation&quot;:&quot;fadeInDown&quot;}\">\n\t\t\t\t\t<div class=\"e-con-inner\">\n\t\t\t\t<div class=\"elementor-element elementor-element-42a7780 elementor-widget elementor-widget-spacer\" data-id=\"42a7780\" data-element_type=\"widget\" data-widget_type=\"spacer.default\">\n\t\t\t\t<div class=\"elementor-widget-container\">\n\t\t\t\t\t\t\t<div class=\"elementor-spacer\">\n\t\t\t<div class=\"elementor-spacer-inner\"><\/div>\n\t\t<\/div>\n\t\t\t\t\t\t<\/div>\n\t\t\t\t<\/div>\n\t\t\t\t<div class=\"elementor-element elementor-element-dd6e0b7 elementor-widget elementor-widget-text-editor\" data-id=\"dd6e0b7\" data-element_type=\"widget\" data-widget_type=\"text-editor.default\">\n\t\t\t\t<div class=\"elementor-widget-container\">\n\t\t\t\t\t\t\t\t\t<p>neler yap\u0131yoruz?<\/p>\t\t\t\t\t\t\t\t<\/div>\n\t\t\t\t<\/div>\n\t\t\t\t<div class=\"elementor-element elementor-element-964ff21 elementor-widget elementor-widget-heading\" data-id=\"964ff21\" data-element_type=\"widget\" data-widget_type=\"heading.default\">\n\t\t\t\t<div class=\"elementor-widget-container\">\n\t\t\t\t\t<h4 class=\"elementor-heading-title elementor-size-default\">referanslar\u0131m\u0131z<\/h4>\t\t\t\t<\/div>\n\t\t\t\t<\/div>\n\t\t\t\t<div class=\"elementor-element elementor-element-b85e39e elementor-absolute cube1 elementor-widget elementor-widget-image\" data-id=\"b85e39e\" data-element_type=\"widget\" data-settings=\"{&quot;_position&quot;:&quot;absolute&quot;}\" data-widget_type=\"image.default\">\n\t\t\t\t<div class=\"elementor-widget-container\">\n\t\t\t\t\t\t\t\t\t\t\t\t\t\t\t<img decoding=\"async\" width=\"104\" height=\"112\" src=\"https:\/\/digitalpalmverse.com\/en\/wp-content\/uploads\/sites\/2\/2024\/07\/Group-11.png\" class=\"attachment-large size-large wp-image-40\" alt=\"\" \/>\t\t\t\t\t\t\t\t\t\t\t\t\t\t\t<\/div>\n\t\t\t\t<\/div>\n\t\t\t\t<div class=\"elementor-element elementor-element-7ab284a elementor-absolute cube2 e-transform elementor-widget elementor-widget-image\" data-id=\"7ab284a\" data-element_type=\"widget\" data-settings=\"{&quot;_position&quot;:&quot;absolute&quot;,&quot;_transform_rotateZ_effect&quot;:{&quot;unit&quot;:&quot;px&quot;,&quot;size&quot;:40,&quot;sizes&quot;:[]},&quot;_transform_rotateZ_effect_tablet&quot;:{&quot;unit&quot;:&quot;deg&quot;,&quot;size&quot;:&quot;&quot;,&quot;sizes&quot;:[]},&quot;_transform_rotateZ_effect_mobile&quot;:{&quot;unit&quot;:&quot;deg&quot;,&quot;size&quot;:&quot;&quot;,&quot;sizes&quot;:[]}}\" data-widget_type=\"image.default\">\n\t\t\t\t<div class=\"elementor-widget-container\">\n\t\t\t\t\t\t\t\t\t\t\t\t\t\t\t<img decoding=\"async\" width=\"109\" height=\"114\" src=\"https:\/\/digitalpalmverse.com\/en\/wp-content\/uploads\/sites\/2\/2024\/07\/Group-12.png\" class=\"attachment-large size-large wp-image-39\" alt=\"\" \/>\t\t\t\t\t\t\t\t\t\t\t\t\t\t\t<\/div>\n\t\t\t\t<\/div>\n\t\t\t\t\t<\/div>\n\t\t\t\t<\/div>\n\t\t<div class=\"elementor-element elementor-element-536e89f e-flex e-con-boxed elementor-invisible e-con e-parent\" data-id=\"536e89f\" data-element_type=\"container\" data-settings=\"{&quot;animation&quot;:&quot;fadeInUp&quot;}\">\n\t\t\t\t\t<div class=\"e-con-inner\">\n\t\t\t\t<div class=\"elementor-element elementor-element-2eaaab5 elementor-grid-4 elementor-grid-tablet-2 elementor-grid-mobile-1 elementor-widget elementor-widget-loop-grid\" data-id=\"2eaaab5\" data-element_type=\"widget\" data-settings=\"{&quot;template_id&quot;:&quot;110&quot;,&quot;columns&quot;:4,&quot;_skin&quot;:&quot;post&quot;,&quot;columns_tablet&quot;:&quot;2&quot;,&quot;columns_mobile&quot;:&quot;1&quot;,&quot;edit_handle_selector&quot;:&quot;[data-elementor-type=\\&quot;loop-item\\&quot;]&quot;,&quot;row_gap&quot;:{&quot;unit&quot;:&quot;px&quot;,&quot;size&quot;:&quot;&quot;,&quot;sizes&quot;:[]},&quot;row_gap_tablet&quot;:{&quot;unit&quot;:&quot;px&quot;,&quot;size&quot;:&quot;&quot;,&quot;sizes&quot;:[]},&quot;row_gap_mobile&quot;:{&quot;unit&quot;:&quot;px&quot;,&quot;size&quot;:&quot;&quot;,&quot;sizes&quot;:[]}}\" data-widget_type=\"loop-grid.post\">\n\t\t\t\t<div class=\"elementor-widget-container\">\n\t\t\t\t\t\t\t<div class=\"e-loop-nothing-found-message\">\n\t\t<\/div>\n\t\t\t\t\t\t<\/div>\n\t\t\t\t<\/div>\n\t\t\t\t\t<\/div>\n\t\t\t\t<\/div>\n\t\t<div class=\"elementor-element elementor-element-a931d98 e-flex e-con-boxed e-con e-parent\" data-id=\"a931d98\" data-element_type=\"container\">\n\t\t\t\t\t<div class=\"e-con-inner\">\n\t\t\t\t<div class=\"elementor-element elementor-element-1ec06be elementor-widget elementor-widget-spacer\" data-id=\"1ec06be\" data-element_type=\"widget\" data-widget_type=\"spacer.default\">\n\t\t\t\t<div class=\"elementor-widget-container\">\n\t\t\t\t\t\t\t<div class=\"elementor-spacer\">\n\t\t\t<div class=\"elementor-spacer-inner\"><\/div>\n\t\t<\/div>\n\t\t\t\t\t\t<\/div>\n\t\t\t\t<\/div>\n\t\t\t\t\t<\/div>\n\t\t\t\t<\/div>\n\t\t\t\t<\/div>\n\t\t","protected":false},"excerpt":{"rendered":"<p>neler yap\u0131yoruz? referanslar\u0131m\u0131z<\/p>\n","protected":false},"author":1,"featured_media":0,"parent":0,"menu_order":0,"comment_status":"closed","ping_status":"closed","template":"elementor_header_footer","meta":{"_joinchat":[],"footnotes":""},"class_list":["post-105","page","type-page","status-publish","hentry","entry"],"yoast_head":"<!-- This site is optimized with the Yoast SEO plugin v24.4 - https:\/\/yoast.com\/wordpress\/plugins\/seo\/ -->\n<title>References - DigitalPalmVerse<\/title>\n<meta name=\"robots\" content=\"index, follow, max-snippet:-1, max-image-preview:large, max-video-preview:-1\" \/>\n<link rel=\"canonical\" href=\"https:\/\/digitalpalmverse.com\/en\/references\/\" \/>\n<meta property=\"og:locale\" content=\"en_US\" \/>\n<meta property=\"og:type\" content=\"article\" \/>\n<meta property=\"og:title\" content=\"References - DigitalPalmVerse\" \/>\n<meta property=\"og:description\" content=\"neler yap\u0131yoruz? referanslar\u0131m\u0131z\" \/>\n<meta property=\"og:url\" content=\"https:\/\/digitalpalmverse.com\/en\/references\/\" \/>\n<meta property=\"og:site_name\" content=\"DigitalPalmVerse\" \/>\n<meta property=\"article:modified_time\" content=\"2024-07-12T11:18:45+00:00\" \/>\n<meta property=\"og:image\" content=\"https:\/\/digitalpalmverse.com\/en\/wp-content\/uploads\/sites\/2\/2024\/07\/Group-11.png\" \/>\n<meta name=\"twitter:card\" content=\"summary_large_image\" \/>\n<meta name=\"twitter:label1\" content=\"Est. reading time\" \/>\n\t<meta name=\"twitter:data1\" content=\"5 minutes\" \/>\n<script type=\"application\/ld+json\" class=\"yoast-schema-graph\">{\"@context\":\"https:\/\/schema.org\",\"@graph\":[{\"@type\":\"WebPage\",\"@id\":\"https:\/\/digitalpalmverse.com\/en\/references\/\",\"url\":\"https:\/\/digitalpalmverse.com\/en\/references\/\",\"name\":\"References - DigitalPalmVerse\",\"isPartOf\":{\"@id\":\"https:\/\/digitalpalmverse.com\/en\/#website\"},\"primaryImageOfPage\":{\"@id\":\"https:\/\/digitalpalmverse.com\/en\/references\/#primaryimage\"},\"image\":{\"@id\":\"https:\/\/digitalpalmverse.com\/en\/references\/#primaryimage\"},\"thumbnailUrl\":\"https:\/\/digitalpalmverse.com\/en\/wp-content\/uploads\/sites\/2\/2024\/07\/Group-11.png\",\"datePublished\":\"2024-07-12T11:18:09+00:00\",\"dateModified\":\"2024-07-12T11:18:45+00:00\",\"breadcrumb\":{\"@id\":\"https:\/\/digitalpalmverse.com\/en\/references\/#breadcrumb\"},\"inLanguage\":\"en-US\",\"potentialAction\":[{\"@type\":\"ReadAction\",\"target\":[\"https:\/\/digitalpalmverse.com\/en\/references\/\"]}]},{\"@type\":\"ImageObject\",\"inLanguage\":\"en-US\",\"@id\":\"https:\/\/digitalpalmverse.com\/en\/references\/#primaryimage\",\"url\":\"https:\/\/digitalpalmverse.com\/en\/wp-content\/uploads\/sites\/2\/2024\/07\/Group-11.png\",\"contentUrl\":\"https:\/\/digitalpalmverse.com\/en\/wp-content\/uploads\/sites\/2\/2024\/07\/Group-11.png\",\"width\":104,\"height\":112},{\"@type\":\"BreadcrumbList\",\"@id\":\"https:\/\/digitalpalmverse.com\/en\/references\/#breadcrumb\",\"itemListElement\":[{\"@type\":\"ListItem\",\"position\":1,\"name\":\"Anasayfa\",\"item\":\"https:\/\/digitalpalmverse.com\/en\/\"},{\"@type\":\"ListItem\",\"position\":2,\"name\":\"References\"}]},{\"@type\":\"WebSite\",\"@id\":\"https:\/\/digitalpalmverse.com\/en\/#website\",\"url\":\"https:\/\/digitalpalmverse.com\/en\/\",\"name\":\"DigitalPalmVerse\",\"description\":\"\",\"publisher\":{\"@id\":\"https:\/\/digitalpalmverse.com\/en\/#organization\"},\"potentialAction\":[{\"@type\":\"SearchAction\",\"target\":{\"@type\":\"EntryPoint\",\"urlTemplate\":\"https:\/\/digitalpalmverse.com\/en\/?s={search_term_string}\"},\"query-input\":{\"@type\":\"PropertyValueSpecification\",\"valueRequired\":true,\"valueName\":\"search_term_string\"}}],\"inLanguage\":\"en-US\"},{\"@type\":\"Organization\",\"@id\":\"https:\/\/digitalpalmverse.com\/en\/#organization\",\"name\":\"DigitalPalmVerse\",\"url\":\"https:\/\/digitalpalmverse.com\/en\/\",\"logo\":{\"@type\":\"ImageObject\",\"inLanguage\":\"en-US\",\"@id\":\"https:\/\/digitalpalmverse.com\/en\/#\/schema\/logo\/image\/\",\"url\":\"https:\/\/digitalpalmverse.com\/en\/wp-content\/uploads\/sites\/2\/2024\/07\/Asset-3-1.png\",\"contentUrl\":\"https:\/\/digitalpalmverse.com\/en\/wp-content\/uploads\/sites\/2\/2024\/07\/Asset-3-1.png\",\"width\":246,\"height\":61,\"caption\":\"DigitalPalmVerse\"},\"image\":{\"@id\":\"https:\/\/digitalpalmverse.com\/en\/#\/schema\/logo\/image\/\"}}]}<\/script>\n<!-- \/ Yoast SEO plugin. -->","yoast_head_json":{"title":"References - DigitalPalmVerse","robots":{"index":"index","follow":"follow","max-snippet":"max-snippet:-1","max-image-preview":"max-image-preview:large","max-video-preview":"max-video-preview:-1"},"canonical":"https:\/\/digitalpalmverse.com\/en\/references\/","og_locale":"en_US","og_type":"article","og_title":"References - DigitalPalmVerse","og_description":"neler yap\u0131yoruz? referanslar\u0131m\u0131z","og_url":"https:\/\/digitalpalmverse.com\/en\/references\/","og_site_name":"DigitalPalmVerse","article_modified_time":"2024-07-12T11:18:45+00:00","og_image":[{"url":"https:\/\/digitalpalmverse.com\/en\/wp-content\/uploads\/sites\/2\/2024\/07\/Group-11.png","type":"","width":"","height":""}],"twitter_card":"summary_large_image","twitter_misc":{"Est. reading time":"5 minutes"},"schema":{"@context":"https:\/\/schema.org","@graph":[{"@type":"WebPage","@id":"https:\/\/digitalpalmverse.com\/en\/references\/","url":"https:\/\/digitalpalmverse.com\/en\/references\/","name":"References - DigitalPalmVerse","isPartOf":{"@id":"https:\/\/digitalpalmverse.com\/en\/#website"},"primaryImageOfPage":{"@id":"https:\/\/digitalpalmverse.com\/en\/references\/#primaryimage"},"image":{"@id":"https:\/\/digitalpalmverse.com\/en\/references\/#primaryimage"},"thumbnailUrl":"https:\/\/digitalpalmverse.com\/en\/wp-content\/uploads\/sites\/2\/2024\/07\/Group-11.png","datePublished":"2024-07-12T11:18:09+00:00","dateModified":"2024-07-12T11:18:45+00:00","breadcrumb":{"@id":"https:\/\/digitalpalmverse.com\/en\/references\/#breadcrumb"},"inLanguage":"en-US","potentialAction":[{"@type":"ReadAction","target":["https:\/\/digitalpalmverse.com\/en\/references\/"]}]},{"@type":"ImageObject","inLanguage":"en-US","@id":"https:\/\/digitalpalmverse.com\/en\/references\/#primaryimage","url":"https:\/\/digitalpalmverse.com\/en\/wp-content\/uploads\/sites\/2\/2024\/07\/Group-11.png","contentUrl":"https:\/\/digitalpalmverse.com\/en\/wp-content\/uploads\/sites\/2\/2024\/07\/Group-11.png","width":104,"height":112},{"@type":"BreadcrumbList","@id":"https:\/\/digitalpalmverse.com\/en\/references\/#breadcrumb","itemListElement":[{"@type":"ListItem","position":1,"name":"Anasayfa","item":"https:\/\/digitalpalmverse.com\/en\/"},{"@type":"ListItem","position":2,"name":"References"}]},{"@type":"WebSite","@id":"https:\/\/digitalpalmverse.com\/en\/#website","url":"https:\/\/digitalpalmverse.com\/en\/","name":"DigitalPalmVerse","description":"","publisher":{"@id":"https:\/\/digitalpalmverse.com\/en\/#organization"},"potentialAction":[{"@type":"SearchAction","target":{"@type":"EntryPoint","urlTemplate":"https:\/\/digitalpalmverse.com\/en\/?s={search_term_string}"},"query-input":{"@type":"PropertyValueSpecification","valueRequired":true,"valueName":"search_term_string"}}],"inLanguage":"en-US"},{"@type":"Organization","@id":"https:\/\/digitalpalmverse.com\/en\/#organization","name":"DigitalPalmVerse","url":"https:\/\/digitalpalmverse.com\/en\/","logo":{"@type":"ImageObject","inLanguage":"en-US","@id":"https:\/\/digitalpalmverse.com\/en\/#\/schema\/logo\/image\/","url":"https:\/\/digitalpalmverse.com\/en\/wp-content\/uploads\/sites\/2\/2024\/07\/Asset-3-1.png","contentUrl":"https:\/\/digitalpalmverse.com\/en\/wp-content\/uploads\/sites\/2\/2024\/07\/Asset-3-1.png","width":246,"height":61,"caption":"DigitalPalmVerse"},"image":{"@id":"https:\/\/digitalpalmverse.com\/en\/#\/schema\/logo\/image\/"}}]}},"_links":{"self":[{"href":"https:\/\/digitalpalmverse.com\/en\/wp-json\/wp\/v2\/pages\/105","targetHints":{"allow":["GET"]}}],"collection":[{"href":"https:\/\/digitalpalmverse.com\/en\/wp-json\/wp\/v2\/pages"}],"about":[{"href":"https:\/\/digitalpalmverse.com\/en\/wp-json\/wp\/v2\/types\/page"}],"author":[{"embeddable":true,"href":"https:\/\/digitalpalmverse.com\/en\/wp-json\/wp\/v2\/users\/1"}],"replies":[{"embeddable":true,"href":"https:\/\/digitalpalmverse.com\/en\/wp-json\/wp\/v2\/comments?post=105"}],"version-history":[{"count":0,"href":"https:\/\/digitalpalmverse.com\/en\/wp-json\/wp\/v2\/pages\/105\/revisions"}],"wp:attachment":[{"href":"https:\/\/digitalpalmverse.com\/en\/wp-json\/wp\/v2\/media?parent=105"}],"curies":[{"name":"wp","href":"https:\/\/api.w.org\/{rel}","templated":true}]}}